{"id":2818,"date":"2016-06-14T06:50:18","date_gmt":"2016-06-14T06:50:18","guid":{"rendered":"http:\/\/nixe-demo1.rtthemes.com\/?page_id=2818"},"modified":"2024-03-09T13:27:19","modified_gmt":"2024-03-09T13:27:19","slug":"hakkimizda","status":"publish","type":"page","link":"https:\/\/aida-hotel.com\/index.php\/hakkimizda\/","title":{"rendered":"Hakk\u0131m\u0131zda"},"content":{"rendered":"<p>[vc_row rt_row_background_width=&#8221;fullwidth&#8221; rt_row_content_width=&#8221;default&#8221; rt_row_style=&#8221;light-style&#8221; rt_row_height=&#8221;full_height&#8221; rt_holder_placement=&#8221;middle&#8221; rt_column_placement=&#8221;middle&#8221; rt_row_borders=&#8221;&#8221; rt_row_shadows=&#8221;&#8221; rt_column_gaps=&#8221;&#8221; rt_row_paddings=&#8221;true&#8221; rt_bg_effect=&#8221;classic&#8221; rt_transparent_bg=&#8221;&#8221; rt_bg_image_repeat=&#8221;no-repeat&#8221; rt_bg_size=&#8221;cover&#8221; rt_bg_position=&#8221;center center&#8221; rt_bg_attachment=&#8221;scroll&#8221; rt_bg_video_format=&#8221;youtube&#8221; rt_padding_top=&#8221;160&#8243; rt_bg_image=&#8221;3485&#8243; rt_bg_overlay_color=&#8221;rgba(0,0,0,0.07)&#8221; rt_padding_bottom=&#8221;160&#8243;][vc_column rt_col_paddings=&#8221;true&#8221; rt_wrp_col_paddings=&#8221;false&#8221; rt_column_shadow=&#8221;&#8221; rt_border_top=&#8221;&#8221; rt_border_bottom=&#8221;&#8221; rt_border_left=&#8221;&#8221; rt_border_right=&#8221;&#8221; rt_border_top_mobile=&#8221;&#8221; rt_border_bottom_mobile=&#8221;&#8221; rt_border_left_mobile=&#8221;&#8221; rt_border_right_mobile=&#8221;&#8221; rt_bg_image_repeat=&#8221;repeat&#8221; rt_bg_size=&#8221;auto auto&#8221; rt_bg_position=&#8221;right top&#8221; rt_bg_attachment=&#8221;scroll&#8221;]<div class=\"rt_heading_wrapper style-4\">\n\t\t\t\t\t\t<h1 class=\"rt_heading  style-4\"  style=\"font-size:48px;\"><\/h1> \n\t\t\t\t\t<\/div>[\/vc_column][\/vc_row][vc_row rt_row_background_width=&#8221;fullwidth&#8221; rt_row_content_width=&#8221;default&#8221; rt_row_style=&#8221;default-style&#8221; rt_row_height=&#8221;&#8221; rt_row_borders=&#8221;&#8221; rt_row_shadows=&#8221;&#8221; rt_column_gaps=&#8221;&#8221; rt_row_paddings=&#8221;true&#8221; rt_bg_effect=&#8221;classic&#8221; rt_transparent_bg=&#8221;&#8221; rt_bg_image_repeat=&#8221;repeat&#8221; rt_bg_size=&#8221;cover&#8221; rt_bg_position=&#8221;right top&#8221; rt_bg_attachment=&#8221;scroll&#8221; rt_bg_video_format=&#8221;self-hosted&#8221;][vc_column rt_col_paddings=&#8221;true&#8221; rt_wrp_col_paddings=&#8221;false&#8221; rt_column_shadow=&#8221;&#8221; rt_border_top=&#8221;&#8221; rt_border_bottom=&#8221;&#8221; rt_border_left=&#8221;&#8221; rt_border_right=&#8221;&#8221; rt_border_top_mobile=&#8221;&#8221; rt_border_bottom_mobile=&#8221;&#8221; rt_border_left_mobile=&#8221;&#8221; rt_border_right_mobile=&#8221;&#8221; rt_bg_image_repeat=&#8221;repeat&#8221; rt_bg_size=&#8221;auto auto&#8221; rt_bg_position=&#8221;right top&#8221; rt_bg_attachment=&#8221;scroll&#8221;]<div class=\"rt_heading_wrapper style-3\">\n\t\t\t\t\t\t<h4 class=\"rt_heading  secondary-font style-3\"  style=\"font-size:28px;\"><em>1998&#8242; den g\u00fcn\u00fcm\u00fcze biriken tecr\u00fcbeyle; kaliteli hizmet anlay\u0131\u015f\u0131, konforlu zarif odalar ve her \u00f6\u011f\u00fcn bir lezzet \u015f\u00f6leni sizi bekliyor &#8230;<\/em><\/h4> \n\t\t\t\t\t<\/div>[\/vc_column][\/vc_row][vc_row rt_row_background_width=&#8221;fullwidth&#8221; rt_row_content_width=&#8221;fullwidth&#8221; rt_row_style=&#8221;default-style&#8221; rt_row_height=&#8221;&#8221; rt_row_borders=&#8221;&#8221; rt_row_shadows=&#8221;&#8221; rt_column_view=&#8221;equal_heights&#8221; rt_column_gaps=&#8221;&#8221; rt_row_paddings=&#8221;true&#8221; rt_bg_effect=&#8221;classic&#8221; rt_transparent_bg=&#8221;&#8221; rt_bg_image_repeat=&#8221;repeat&#8221; rt_bg_size=&#8221;cover&#8221; rt_bg_position=&#8221;right top&#8221; rt_bg_attachment=&#8221;scroll&#8221; rt_bg_video_format=&#8221;self-hosted&#8221; rt_padding_top=&#8221;0&#8243; rt_padding_bottom=&#8221;0&#8243; rt_padding_left=&#8221;0&#8243; rt_padding_right=&#8221;0&#8243;][vc_column width=&#8221;1\/4&#8243; rt_col_paddings=&#8221;true&#8221; rt_wrp_col_paddings=&#8221;false&#8221; rt_column_shadow=&#8221;&#8221; rt_border_top=&#8221;&#8221; rt_border_bottom=&#8221;&#8221; rt_border_left=&#8221;&#8221; rt_border_right=&#8221;&#8221; rt_border_top_mobile=&#8221;&#8221; rt_border_bottom_mobile=&#8221;&#8221; rt_border_left_mobile=&#8221;&#8221; rt_border_right_mobile=&#8221;&#8221; rt_bg_image=&#8221;3490&#8243; rt_bg_image_repeat=&#8221;no-repeat&#8221; rt_bg_size=&#8221;cover&#8221; rt_bg_position=&#8221;left top&#8221; rt_bg_attachment=&#8221;scroll&#8221; rt_bg_color=&#8221;&#8221; rt_bg_overlay_color=&#8221;&#8221; rt_min_height=&#8221;400&#8243;][\/vc_column][vc_column width=&#8221;1\/4&#8243; rt_color_set=&#8221;alt-style-1&#8243; rt_col_paddings=&#8221;true&#8221; rt_wrp_col_paddings=&#8221;false&#8221; rt_column_shadow=&#8221;&#8221; rt_border_top=&#8221;&#8221; rt_border_bottom=&#8221;&#8221; rt_border_left=&#8221;&#8221; rt_border_right=&#8221;&#8221; rt_border_top_mobile=&#8221;&#8221; rt_border_bottom_mobile=&#8221;&#8221; rt_border_left_mobile=&#8221;&#8221; rt_border_right_mobile=&#8221;&#8221; rt_bg_image_repeat=&#8221;repeat&#8221; rt_bg_size=&#8221;auto auto&#8221; rt_bg_position=&#8221;right top&#8221; rt_bg_attachment=&#8221;scroll&#8221; rt_padding_top=&#8221;150&#8243; rt_padding_bottom=&#8221;150&#8243; rt_bg_color=&#8221;&#8221; rt_bg_overlay_color=&#8221;&#8221;]<div class=\"rt_heading_wrapper style-7\">\n\t\t\t\t\t\t<h4 class=\"rt_heading  aligncenter style-7\" >Do\u011fa Seni \u00c7a\u011f\u0131r\u0131yor<\/h4> \n\t\t\t\t\t<\/div>[vc_empty_space][vc_column_text]<\/p>\n<p style=\"text-align: center;\">E\u015fsiz Bah\u00e7esinde Ye\u015filin Her Tonu, \u00c7\u0131ral\u0131&#8217;n\u0131n Berrak Denizinde G\u00f6ky\u00fcz\u00fcn\u00fcn Mavisine \u00d6zg\u00fc bir Bulu\u015fma Ya\u015fat\u0131yor. Keyif Dolu Anlar\u0131n\u0131z\u0131n Kal\u0131c\u0131 \u0130zler B\u0131rakt\u0131\u011f\u0131 yer <strong>A\u0130DA HOTEL<\/strong><\/p>\n<p>[\/vc_column_text][\/vc_column][vc_column width=&#8221;1\/2&#8243; rt_col_paddings=&#8221;true&#8221; rt_wrp_col_paddings=&#8221;false&#8221; rt_column_shadow=&#8221;&#8221; rt_border_top=&#8221;&#8221; rt_border_bottom=&#8221;&#8221; rt_border_left=&#8221;&#8221; rt_border_right=&#8221;&#8221; rt_border_top_mobile=&#8221;&#8221; rt_border_bottom_mobile=&#8221;&#8221; rt_border_left_mobile=&#8221;&#8221; rt_border_right_mobile=&#8221;&#8221; rt_bg_image=&#8221;3100&#8243; rt_bg_image_repeat=&#8221;no-repeat&#8221; rt_bg_size=&#8221;cover&#8221; rt_bg_position=&#8221;center center&#8221; rt_bg_attachment=&#8221;scroll&#8221; class=&#8221;force-content-width left-aligned&#8221; rt_padding_top=&#8221;40&#8243; rt_padding_bottom=&#8221;40&#8243; rt_bg_color=&#8221;&#8221; rt_bg_overlay_color=&#8221;&#8221; rt_min_height=&#8221;400&#8243;][\/vc_column][\/vc_row][vc_row rt_row_background_width=&#8221;fullwidth&#8221; rt_row_content_width=&#8221;fullwidth&#8221; rt_row_style=&#8221;default-style&#8221; rt_row_height=&#8221;&#8221; rt_column_placement=&#8221;middle&#8221; rt_row_borders=&#8221;&#8221; rt_row_shadows=&#8221;&#8221; rt_column_view=&#8221;equal_heights&#8221; rt_column_gaps=&#8221;&#8221; rt_row_paddings=&#8221;true&#8221; rt_bg_effect=&#8221;classic&#8221; rt_transparent_bg=&#8221;&#8221; rt_bg_image_repeat=&#8221;repeat&#8221; rt_bg_size=&#8221;cover&#8221; rt_bg_position=&#8221;right top&#8221; rt_bg_attachment=&#8221;scroll&#8221; rt_bg_video_format=&#8221;self-hosted&#8221; rt_padding_top=&#8221;0&#8243; rt_padding_bottom=&#8221;0&#8243; rt_padding_left=&#8221;0&#8243; rt_padding_right=&#8221;0&#8243;][vc_column width=&#8221;1\/2&#8243; rt_col_paddings=&#8221;true&#8221; rt_wrp_col_paddings=&#8221;false&#8221; rt_column_shadow=&#8221;&#8221; rt_border_top=&#8221;&#8221; rt_border_bottom=&#8221;&#8221; rt_border_left=&#8221;&#8221; rt_border_right=&#8221;&#8221; rt_border_top_mobile=&#8221;&#8221; rt_border_bottom_mobile=&#8221;&#8221; rt_border_left_mobile=&#8221;&#8221; rt_border_right_mobile=&#8221;&#8221; rt_bg_image=&#8221;3353&#8243; rt_bg_image_repeat=&#8221;no-repeat&#8221; rt_bg_size=&#8221;cover&#8221; rt_bg_position=&#8221;center center&#8221; rt_bg_attachment=&#8221;scroll&#8221; rt_padding_top=&#8221;40&#8243; rt_padding_bottom=&#8221;40&#8243; rt_bg_color=&#8221;&#8221; rt_bg_overlay_color=&#8221;&#8221; rt_min_height=&#8221;400&#8243;][\/vc_column][vc_column width=&#8221;1\/2&#8243; rt_color_set=&#8221;alt-style-1&#8243; rt_col_paddings=&#8221;true&#8221; rt_wrp_col_paddings=&#8221;false&#8221; rt_column_shadow=&#8221;&#8221; rt_border_top=&#8221;&#8221; rt_border_bottom=&#8221;&#8221; rt_border_left=&#8221;&#8221; rt_border_right=&#8221;&#8221; rt_border_top_mobile=&#8221;&#8221; rt_border_bottom_mobile=&#8221;&#8221; rt_border_left_mobile=&#8221;&#8221; rt_border_right_mobile=&#8221;&#8221; rt_bg_image_repeat=&#8221;repeat&#8221; rt_bg_size=&#8221;auto auto&#8221; rt_bg_position=&#8221;right top&#8221; rt_bg_attachment=&#8221;scroll&#8221; rt_padding_top=&#8221;120&#8243; rt_padding_bottom=&#8221;120&#8243; rt_bg_color=&#8221;&#8221; rt_bg_overlay_color=&#8221;&#8221; offset=&#8221;vc_col-lg-3&#8243;]<div class=\"rt_heading_wrapper style-7\">\n\t\t\t\t\t\t<h4 class=\"rt_heading  aligncenter style-7\" ><\/h4> \n\t\t\t\t\t<\/div>[vc_empty_space][vc_column_text]Se\u00e7enekli oda alternatifleri ile do\u011fada konforu yaratan otelimiz , tecr\u00fcbeli ekibiyle keyifli bir tatil ge\u00e7irmeniz i\u00e7in 12 ay hizmette&#8230;<\/p>\n<p><strong>Alman Geo dergisi, Azur&amp;Aida Restaurant ve Aida Hotel&#8217;e yer vermi\u015f, g\u00f6rmek ve konaklamak dan zevk alaca\u011f\u0131n\u0131z bir yer olarak \u00f6nermi\u015ftir.<\/strong>[\/vc_column_text][\/vc_column][vc_column width=&#8221;1\/4&#8243; rt_col_paddings=&#8221;true&#8221; rt_wrp_col_paddings=&#8221;false&#8221; rt_column_shadow=&#8221;&#8221; rt_border_top=&#8221;&#8221; rt_border_bottom=&#8221;&#8221; rt_border_left=&#8221;&#8221; rt_border_right=&#8221;&#8221; rt_border_top_mobile=&#8221;&#8221; rt_border_bottom_mobile=&#8221;&#8221; rt_border_left_mobile=&#8221;&#8221; rt_border_right_mobile=&#8221;&#8221; rt_bg_image_repeat=&#8221;repeat&#8221; rt_bg_size=&#8221;auto auto&#8221; rt_bg_position=&#8221;right top&#8221; rt_bg_attachment=&#8221;scroll&#8221; rt_bg_color=&#8221;&#8221; rt_bg_overlay_color=&#8221;&#8221;][\/vc_column][\/vc_row][vc_row rt_row_background_width=&#8221;fullwidth&#8221; rt_row_content_width=&#8221;fullwidth&#8221; rt_row_style=&#8221;default-style&#8221; rt_row_height=&#8221;min_height&#8221; rt_holder_placement=&#8221;top&#8221; rt_row_borders=&#8221;&#8221; rt_row_shadows=&#8221;&#8221; rt_column_gaps=&#8221;&#8221; rt_row_paddings=&#8221;false&#8221; rt_bg_effect=&#8221;classic&#8221; rt_transparent_bg=&#8221;&#8221; rt_bg_image_repeat=&#8221;repeat-y&#8221; rt_bg_size=&#8221;cover&#8221; rt_bg_position=&#8221;center top&#8221; rt_bg_attachment=&#8221;scroll&#8221; rt_bg_video_format=&#8221;self-hosted&#8221; rt_grid=&#8221;true&#8221; rt_bg_image=&#8221;3274&#8243; rt_video_overlay_color=&#8221;rgba(83,100,107,0.6)&#8221; rt_min_row_height=&#8221;800&#8243;][vc_column width=&#8221;1\/2&#8243; rt_col_paddings=&#8221;true&#8221; rt_wrp_col_paddings=&#8221;false&#8221; rt_column_shadow=&#8221;&#8221; rt_border_top=&#8221;&#8221; rt_border_bottom=&#8221;&#8221; rt_border_left=&#8221;&#8221; rt_border_right=&#8221;true&#8221; rt_border_top_mobile=&#8221;&#8221; rt_border_bottom_mobile=&#8221;&#8221; rt_border_left_mobile=&#8221;&#8221; rt_border_right_mobile=&#8221;&#8221; rt_bg_image_repeat=&#8221;repeat&#8221; rt_bg_size=&#8221;auto auto&#8221; rt_bg_position=&#8221;right top&#8221; rt_bg_attachment=&#8221;scroll&#8221; rt_bg_color=&#8221;#ffffff&#8221; rt_bg_overlay_color=&#8221;&#8221; rt_padding_top=&#8221;50&#8243; rt_padding_bottom=&#8221;50&#8243;]<div class=\"rt_heading_wrapper style-7\">\n\t\t\t\t\t\t<span class=\"rt_heading  aligncenter style-7\"  style=\"font-size:50px;color:#bfbfbf;\"><span class=\"icon-quote-right heading_icon\"><\/span><\/span> \n\t\t\t\t\t<\/div>[vc_empty_space height=&#8221;30px&#8221;]\r\n\t\t\t\t<div id=\"testimonial-dynamicID-952668\" class=\"rt-carousel carousel-holder clearfix testimonial-carousel testimonials center big rt_lightbox_gallery\" data-item-width=\"1\" data-nav=\"false\" data-dots=\"true\" data-margin=\"40\" data-autoplay=\"false\" data-timeout=\"5000\" data-thumbnails=\"false\" data-boxed=\"false\" data-min-height=\"\" data-padding=\"\" data-loop=\"false\" data-mobile-item-width=\"1\">\r\n\t\t\t\t\t<div class=\"owl-carousel\">\r\n\t\t\t\t\t\t<div><div class=\"testimonial item\">\n\n\n\n<div class=\"text \">\n\t\n\t<p><span class=\"icon-quote-left\"><\/span>\u042d\u0442\u043e \u0445\u043e\u0440\u043e\u0448\u0438\u0439 \u043e\u0431\u044a\u0435\u043a\u0442. \u041c\u044b \u043e\u0441\u0442\u0430\u043d\u0430\u0432\u043b\u0438\u0432\u0430\u043b\u0438\u0441\u044c \u0432 \u043e\u0442\u0440\u0435\u043c\u043e\u043d\u0442\u0438\u0440\u043e\u0432\u0430\u043d\u043d\u044b\u0445 \u043d\u043e\u043c\u0435\u0440\u0430\u0445. \u041e\u0434\u0438\u043d \u0438\u0437 \u043e\u0431\u044a\u0435\u043a\u0442\u043e\u0432, \u043a\u043e\u0442\u043e\u0440\u044b\u0439 \u044f \u043c\u043e\u0433\u0443 \u0440\u0435\u043a\u043e\u043c\u0435\u043d\u0434\u043e\u0432\u0430\u0442\u044c. \u0411\u043e\u043b\u044c\u0448\u043e\u0435 \u0441\u043f\u0430\u0441\u0438\u0431\u043e.<br \/>\n\u041d\u043e\u043c\u0435\u0440\u0430: \u041d\u043e\u043c\u0435\u0440\u0430 \u0431\u044b\u043b\u0438 \u043e\u0442\u0440\u0435\u043c\u043e\u043d\u0442\u0438\u0440\u043e\u0432\u0430\u043d\u044b. \u0411\u043b\u0435\u0441\u0442\u044f\u0449\u0435\u0435 \u0438 \u0445\u043e\u0440\u043e\u0448\u0435\u0435 \u043e\u0431\u0441\u043b\u0443\u0436\u0438\u0432\u0430\u043d\u0438\u0435. \u041b\u0430\u043d\u0434\u0448\u0430\u0444\u0442\u043d\u044b\u0439 \u0434\u0438\u0437\u0430\u0439\u043d \u0447\u0440\u0435\u0437\u0432\u044b\u0447\u0430\u0439\u043d\u043e \u043a\u0440\u0430\u0441\u0438\u0432.<span class=\"icon-quote-right\"><\/span><\/p>\n\t\n\n\t<div class=\"client_info\">\n\n\t\t\tDr. Serhat Gen\u00e7 \n\t\t- <span>Doktor<\/span>\t\t\n\t\t<a href=\"#\" target=\"_blank\" title=\"#\" class=\"client_link\">#<\/a>\t\t\t\n\t\t\n\n\t<\/div>\n<\/div><\/div>\n<\/div><div><div class=\"testimonial item\">\n\n\n\n<div class=\"text \">\n\t\n\t<p><span class=\"icon-quote-left\"><\/span>Es ist eine sch\u00f6ne Anlage. Wir wohnten in den renovierten Zimmern. Eine der Einrichtungen, die ich empfehlen kann. Vielen Dank an Sie.<br \/>\nDie Zimmer: Die Zimmer sind renoviert worden. Funkelnd und guter Service. Die Landschaftsgestaltung ist sehr sch\u00f6n.<span class=\"icon-quote-right\"><\/span><\/p>\n\t\n\n\t<div class=\"client_info\">\n\n\t\t\tDr. Serhat Gen\u00e7 \n\t\t- <span>Doktor<\/span>\t\t\n\t\t<a href=\"#\" target=\"_blank\" title=\"#\" class=\"client_link\">#<\/a>\t\t\t\n\t\t\n\n\t<\/div>\n<\/div><\/div>\n<\/div><div><div class=\"testimonial item\">\n\n\n\n<div class=\"text \">\n\t\n\t<p><span class=\"icon-quote-left\"><\/span>It is a nice facility. We stayed in the renovated rooms. One of the facilities I can recommend. Thank you very much.<br \/>\nRooms: The rooms have been renovated. Sparkling and good service. The landscaping is extremely beautiful.<span class=\"icon-quote-right\"><\/span><\/p>\n\t\n\n\t<div class=\"client_info\">\n\n\t\t\tDr. Serhat Gen\u00e7 \n\t\t- <span>Doktor<\/span>\t\t\n\t\t<a href=\"#\" target=\"_blank\" title=\"#\" class=\"client_link\">#<\/a>\t\t\t\n\t\t\n\n\t<\/div>\n<\/div><\/div>\n<\/div><div><div class=\"testimonial item\">\n\n\n\n<div class=\"text \">\n\t\n\t<p><span class=\"icon-quote-left\"><\/span>\u041c\u043d\u0435 \u043e\u0447\u0435\u043d\u044c \u043f\u043e\u043d\u0440\u0430\u0432\u0438\u043b\u043e\u0441\u044c, \u044f \u0431\u044b \u043f\u043e\u0435\u0445\u0430\u043b\u0430 \u0435\u0449\u0435 \u0440\u0430\u0437 \u041d\u043e\u043c\u0435\u0440\u0430 \u0447\u0438\u0441\u0442\u044b\u0435 \u043f\u0435\u0440\u0441\u043e\u043d\u0430\u043b \u043f\u0440\u0438\u0432\u0435\u0442\u043b\u0438\u0432\u044b\u0439 \u0420\u0430\u0441\u043f\u043e\u043b\u043e\u0436\u0435\u043d\u0438\u0435 \u043e\u0442\u043b\u0438\u0447\u043d\u043e\u0435.<\/p>\n<p>\u0412\u043e\u0437\u043c\u043e\u0436\u043d\u043e\u0441\u0442\u0438 \u0434\u043b\u044f \u043f\u0440\u043e\u0433\u0443\u043b\u043e\u043a: \u041e\u0447\u0435\u043d\u044c \u0445\u043e\u0440\u043e\u0448\u0438\u0435 \u043f\u0435\u0448\u0435\u0445\u043e\u0434\u043d\u044b\u0435 \u0434\u043e\u0440\u043e\u0436\u043a\u0438, \u0431\u043b\u0438\u0437\u043a\u043e \u043a \u043c\u043e\u0440\u044e \u0438 \u0446\u0435\u043d\u0442\u0440\u0443, \u043e\u0442\u043b\u0438\u0447\u043d\u043e\u0435 \u0440\u0430\u0441\u043f\u043e\u043b\u043e\u0436\u0435\u043d\u0438\u0435.<span class=\"icon-quote-right\"><\/span><\/p>\n\t\n\n\t<div class=\"client_info\">\n\n\t\t\tNagihan Goksel \n\t\t\t\t\n\t\t\t\t\t\n\t\t\n\n\t<\/div>\n<\/div><\/div>\n<\/div>\r\n\t\t\t\t\t<\/div>\r\n\t\t\t\t\t\r\n\t\t\t\t<div id=\"testimonial-dynamicID-952668-dots\" class=\"dots-holder\">\r\n\t\t\t\t<\/div>\r\n\t\t\t\r\n\t\t\t\t\t\r\n\t\t\t\t<\/div>\r\n\t\t\t[\/vc_column][vc_column width=&#8221;1\/2&#8243; rt_col_paddings=&#8221;true&#8221; rt_wrp_col_paddings=&#8221;false&#8221; rt_column_shadow=&#8221;&#8221; rt_border_top=&#8221;&#8221; rt_border_bottom=&#8221;&#8221; rt_border_left=&#8221;&#8221; rt_border_right=&#8221;&#8221; rt_border_top_mobile=&#8221;&#8221; rt_border_bottom_mobile=&#8221;&#8221; rt_border_left_mobile=&#8221;&#8221; rt_border_right_mobile=&#8221;&#8221; rt_bg_image_repeat=&#8221;repeat&#8221; rt_bg_size=&#8221;auto auto&#8221; rt_bg_position=&#8221;right top&#8221; rt_bg_attachment=&#8221;scroll&#8221; rt_bg_color=&#8221;&#8221; rt_bg_overlay_color=&#8221;&#8221; rt_min_height=&#8221;500&#8243;][\/vc_column][\/vc_row]<\/p>\n","protected":false},"excerpt":{"rendered":"<p>[vc_row rt_row_background_width=&#8221;fullwidth&#8221; rt_row_content_width=&#8221;default&#8221; rt_row_style=&#8221;light-style&#8221; rt_row_height=&#8221;full_height&#8221; rt_holder_placement=&#8221;middle&#8221; rt_column_placement=&#8221;middle&#8221; rt_row_borders=&#8221;&#8221; rt_row_shadows=&#8221;&#8221; rt_column_gaps=&#8221;&#8221; rt_row_paddings=&#8221;true&#8221; rt_bg_effect=&#8221;classic&#8221; rt_transparent_bg=&#8221;&#8221; rt_bg_image_repeat=&#8221;no-repeat&#8221; rt_bg_size=&#8221;cover&#8221; rt_bg_position=&#8221;center center&#8221; rt_bg_attachment=&#8221;scroll&#8221; rt_bg_video_format=&#8221;youtube&#8221; rt_padding_top=&#8221;160&#8243; rt_bg_image=&#8221;3485&#8243; rt_bg_overlay_color=&#8221;rgba(0,0,0,0.07)&#8221; rt_padding_bottom=&#8221;160&#8243;][vc_column rt_col_paddings=&#8221;true&#8221; rt_wrp_col_paddings=&#8221;false&#8221; rt_column_shadow=&#8221;&#8221; rt_border_top=&#8221;&#8221; rt_border_bottom=&#8221;&#8221; rt_border_left=&#8221;&#8221; rt_border_right=&#8221;&#8221; rt_border_top_mobile=&#8221;&#8221; rt_border_bottom_mobile=&#8221;&#8221; rt_border_left_mobile=&#8221;&#8221; rt_border_right_mobile=&#8221;&#8221; rt_bg_image_repeat=&#8221;repeat&#8221; rt_bg_size=&#8221;auto auto&#8221; rt_bg_position=&#8221;right top&#8221; rt_bg_attachment=&#8221;scroll&#8221;][\/vc_column][\/vc_row][vc_row rt_row_background_width=&#8221;fullwidth&#8221; rt_row_content_width=&#8221;default&#8221; rt_row_style=&#8221;default-style&#8221; rt_row_height=&#8221;&#8221; rt_row_borders=&#8221;&#8221; rt_row_shadows=&#8221;&#8221; rt_column_gaps=&#8221;&#8221; rt_row_paddings=&#8221;true&#8221; rt_bg_effect=&#8221;classic&#8221; rt_transparent_bg=&#8221;&#8221; rt_bg_image_repeat=&#8221;repeat&#8221; rt_bg_size=&#8221;cover&#8221; rt_bg_position=&#8221;right top&#8221; rt_bg_attachment=&#8221;scroll&#8221; &#8230; <a class=\"more-link\" href=\"https:\/\/aida-hotel.com\/index.php\/ru\/testimonial\/testimonial-3-rus\/\">Okumaya Devam Et<\/a><\/p>\n","protected":false},"author":1,"featured_media":0,"parent":0,"menu_order":0,"comment_status":"closed","ping_status":"closed","template":"","meta":{"footnotes":""},"_links":{"self":[{"href":"https:\/\/aida-hotel.com\/index.php\/wp-json\/wp\/v2\/pages\/2818"}],"collection":[{"href":"https:\/\/aida-hotel.com\/index.php\/wp-json\/wp\/v2\/pages"}],"about":[{"href":"https:\/\/aida-hotel.com\/index.php\/wp-json\/wp\/v2\/types\/page"}],"author":[{"embeddable":true,"href":"https:\/\/aida-hotel.com\/index.php\/wp-json\/wp\/v2\/users\/1"}],"replies":[{"embeddable":true,"href":"https:\/\/aida-hotel.com\/index.php\/wp-json\/wp\/v2\/comments?post=2818"}],"version-history":[{"count":33,"href":"https:\/\/aida-hotel.com\/index.php\/wp-json\/wp\/v2\/pages\/2818\/revisions"}],"predecessor-version":[{"id":3493,"href":"https:\/\/aida-hotel.com\/index.php\/wp-json\/wp\/v2\/pages\/2818\/revisions\/3493"}],"wp:attachment":[{"href":"https:\/\/aida-hotel.com\/index.php\/wp-json\/wp\/v2\/media?parent=2818"}],"curies":[{"name":"wp","href":"https:\/\/api.w.org\/{rel}","templated":true}]}}