{"id":3,"date":"2024-02-06T10:07:00","date_gmt":"2024-02-06T10:07:00","guid":{"rendered":"https:\/\/aida-hotel.com\/?page_id=3"},"modified":"2024-03-15T20:27:44","modified_gmt":"2024-03-15T20:27:44","slug":"privacy-policy","status":"publish","type":"page","link":"https:\/\/aida-hotel.com\/index.php\/privacy-policy\/","title":{"rendered":"\u0130ptal ve \u00d6deme"},"content":{"rendered":"\r\n<h2 class=\"wp-block-heading\"><strong>Konaklama Bedeli Se\u00e7mi\u015f Oldu\u011funuz Tarihlere G\u00f6re Hesaplanm\u0131\u015ft\u0131r. Rezervasyon Yapt\u0131\u011f\u0131n\u0131zda , \u0130ptal Ve \u00d6deme Politikas\u0131n\u0131 Kabul Etti\u011finizi L\u00fctfen Unutmay\u0131n.<\/strong><\/h2>\r\n\r\n\r\n\r\n<p>Comments<\/p>\r\n\r\n\r\n\r\n<p><strong class=\"privacy-policy-tutorial\"><strong>\u00d6deme Politikas\u0131<\/strong>: <\/strong>Toplam Konaklama Bedeli Rezervasyon Onay\u0131n\u0131z\u0131 Takiben Kredi Kart\u0131n\u0131zdan Tahsil Edilir. Ge\u00e7ersiz Kredi Kart\u0131 Rezervasyonu Ge\u00e7ersiz K\u0131lar.<\/p>\r\n\r\n\r\n\r\n<p><strong class=\"privacy-policy-tutorial\"><strong>\u00d6deme Politikas\u0131<\/strong>:<\/strong> \u00a0Giri\u015f Tarihinden <strong>En Ge\u00e7 15 G\u00fcn \u00d6ncesine Kadar \u00dccretsiz \u0130ptal Edebilirsiniz<\/strong>.\u00a0<strong>15 G\u00fcn<\/strong>\u00a0<strong>\u0130\u00e7inde \u0130ptal Edilen Rezervasyonlarda Toplam Tutar Sizden Al\u0131nacakt\u0131r.<\/strong><\/p>\r\n\r\n\r\n\r\n<p><\/p>\r\n","protected":false},"excerpt":{"rendered":"<p>Konaklama Bedeli Se\u00e7mi\u015f Oldu\u011funuz Tarihlere G\u00f6re Hesaplanm\u0131\u015ft\u0131r. Rezervasyon Yapt\u0131\u011f\u0131n\u0131zda , \u0130ptal Ve \u00d6deme Politikas\u0131n\u0131 Kabul Etti\u011finizi L\u00fctfen Unutmay\u0131n. Comments \u00d6deme Politikas\u0131: Toplam Konaklama Bedeli Rezervasyon Onay\u0131n\u0131z\u0131 Takiben Kredi Kart\u0131n\u0131zdan Tahsil Edilir. Ge\u00e7ersiz Kredi Kart\u0131 Rezervasyonu Ge\u00e7ersiz K\u0131lar. \u00d6deme Politikas\u0131: \u00a0Giri\u015f Tarihinden En Ge\u00e7 15 G\u00fcn \u00d6ncesine Kadar \u00dccretsiz \u0130ptal Edebilirsiniz.\u00a015 G\u00fcn\u00a0\u0130\u00e7inde \u0130ptal Edilen Rezervasyonlarda Toplam &#8230; <a class=\"more-link\" href=\"https:\/\/aida-hotel.com\/index.php\/privacy-policy\/\">Okumaya Devam Et<\/a><\/p>\n","protected":false},"author":1,"featured_media":0,"parent":0,"menu_order":0,"comment_status":"closed","ping_status":"closed","template":"","meta":{"footnotes":""},"_links":{"self":[{"href":"https:\/\/aida-hotel.com\/index.php\/wp-json\/wp\/v2\/pages\/3"}],"collection":[{"href":"https:\/\/aida-hotel.com\/index.php\/wp-json\/wp\/v2\/pages"}],"about":[{"href":"https:\/\/aida-hotel.com\/index.php\/wp-json\/wp\/v2\/types\/page"}],"author":[{"embeddable":true,"href":"https:\/\/aida-hotel.com\/index.php\/wp-json\/wp\/v2\/users\/1"}],"replies":[{"embeddable":true,"href":"https:\/\/aida-hotel.com\/index.php\/wp-json\/wp\/v2\/comments?post=3"}],"version-history":[{"count":1,"href":"https:\/\/aida-hotel.com\/index.php\/wp-json\/wp\/v2\/pages\/3\/revisions"}],"predecessor-version":[{"id":3225,"href":"https:\/\/aida-hotel.com\/index.php\/wp-json\/wp\/v2\/pages\/3\/revisions\/3225"}],"wp:attachment":[{"href":"https:\/\/aida-hotel.com\/index.php\/wp-json\/wp\/v2\/media?parent=3"}],"curies":[{"name":"wp","href":"https:\/\/api.w.org\/{rel}","templated":true}]}}