{"id":3651,"date":"2024-03-13T07:43:25","date_gmt":"2024-03-13T07:43:25","guid":{"rendered":"https:\/\/aida-hotel.com\/?page_id=3651"},"modified":"2024-03-17T12:26:42","modified_gmt":"2024-03-17T12:26:42","slug":"vip-yat-turu","status":"publish","type":"page","link":"https:\/\/aida-hotel.com\/index.php\/vip-yat-turu\/","title":{"rendered":"VIP Yat Turu"},"content":{"rendered":"<p>[vc_row rt_row_background_width=&#8221;fullwidth&#8221; rt_row_content_width=&#8221;fullwidth&#8221; rt_row_style=&#8221;default-style&#8221; rt_row_height=&#8221;&#8221; rt_row_borders=&#8221;&#8221; rt_row_shadows=&#8221;&#8221; rt_column_gaps=&#8221;&#8221; rt_row_paddings=&#8221;false&#8221; rt_bg_effect=&#8221;classic&#8221; rt_transparent_bg=&#8221;&#8221; rt_bg_image_repeat=&#8221;repeat&#8221; rt_bg_size=&#8221;cover&#8221; rt_bg_position=&#8221;right top&#8221; rt_bg_attachment=&#8221;scroll&#8221; rt_bg_video_format=&#8221;self-hosted&#8221;][vc_column rt_col_paddings=&#8221;false&#8221; rt_wrp_col_paddings=&#8221;true&#8221; rt_column_shadow=&#8221;&#8221; rt_border_top=&#8221;&#8221; rt_border_bottom=&#8221;&#8221; rt_border_left=&#8221;&#8221; rt_border_right=&#8221;&#8221; rt_border_top_mobile=&#8221;&#8221; rt_border_bottom_mobile=&#8221;&#8221; rt_border_left_mobile=&#8221;&#8221; rt_border_right_mobile=&#8221;&#8221; rt_bg_image_repeat=&#8221;repeat&#8221; rt_bg_size=&#8221;auto auto&#8221; rt_bg_position=&#8221;right top&#8221; rt_bg_attachment=&#8221;scroll&#8221; rt_bg_color=&#8221;&#8221; rt_bg_overlay_color=&#8221;&#8221;][vc_row_inner rt_row_background_width=&#8221;fullwidth&#8221; rt_row_content_width=&#8221;default&#8221; rt_row_style=&#8221;global-style&#8221; rt_column_gaps=&#8221;&#8221; rt_row_paddings=&#8221;true&#8221; rt_bg_effect=&#8221;classic&#8221; rt_transparent_bg=&#8221;&#8221; rt_bg_image_repeat=&#8221;repeat&#8221; rt_bg_size=&#8221;cover&#8221; rt_bg_position=&#8221;right top&#8221; rt_bg_attachment=&#8221;scroll&#8221;][vc_column_inner rt_col_paddings=&#8221;true&#8221; rt_wrp_col_paddings=&#8221;false&#8221; rt_column_shadow=&#8221;&#8221; rt_border_top=&#8221;&#8221; rt_border_bottom=&#8221;&#8221; rt_border_left=&#8221;&#8221; rt_border_right=&#8221;&#8221; rt_border_top_mobile=&#8221;&#8221; rt_border_bottom_mobile=&#8221;&#8221; rt_border_left_mobile=&#8221;&#8221; rt_border_right_mobile=&#8221;&#8221; rt_bg_image_repeat=&#8221;repeat&#8221; rt_bg_size=&#8221;auto auto&#8221; rt_bg_position=&#8221;right top&#8221; rt_bg_attachment=&#8221;scroll&#8221;][vc_separator style=&#8221;style-6&#8243;]<div class=\"rt_heading_wrapper style-3\">\n\t\t\t\t\t\t<h4 class=\"rt_heading  secondary-font style-3\"  style=\"font-size:18px;line-height:28px;letter-spacing:2px;\"><em>V.I.P. Lobster motoryat\u0131m\u0131zda konaklamal\u0131 tur se\u00e7ene\u011fi ile unutulmaz bir tatil deneyimi ya\u015fayabilirsiniz. Hayalinizdeki deneyimi ya\u015famaya haz\u0131r olun. 14.90 metre uzunlu\u011funda ve 4.70 metre geni\u015fli\u011findeki \u00f6zel tasar\u0131m V.I.P. Lobster Motor Yat\u0131m\u0131zla s\u0131n\u0131rlar\u0131 a\u015f\u0131n. 1 master kabin ve 1 misafir kabini ile donat\u0131lm\u0131\u015f olan i\u00e7 mekanlar, rahatl\u0131\u011f\u0131 ve zarafeti bir arada sunar.<\/h4> \n\t\t\t\t\t<\/div>[vc_separator style=&#8221;style-1&#8243;][\/vc_column_inner][\/vc_row_inner][vc_row_inner rt_row_background_width=&#8221;fullwidth&#8221; rt_row_content_width=&#8221;default&#8221; rt_row_style=&#8221;global-style&#8221; rt_column_gaps=&#8221;&#8221; rt_row_paddings=&#8221;true&#8221; rt_bg_effect=&#8221;classic&#8221; rt_transparent_bg=&#8221;&#8221; rt_bg_image_repeat=&#8221;repeat&#8221; rt_bg_size=&#8221;cover&#8221; rt_bg_position=&#8221;right top&#8221; rt_bg_attachment=&#8221;scroll&#8221; rt_bg_color=&#8221;#baad85&#8243;][vc_column_inner width=&#8221;1\/3&#8243; rt_col_paddings=&#8221;true&#8221; rt_wrp_col_paddings=&#8221;false&#8221; rt_column_shadow=&#8221;&#8221; rt_border_top=&#8221;&#8221; rt_border_bottom=&#8221;&#8221; rt_border_left=&#8221;&#8221; rt_border_right=&#8221;&#8221; rt_border_top_mobile=&#8221;&#8221; rt_border_bottom_mobile=&#8221;&#8221; rt_border_left_mobile=&#8221;&#8221; rt_border_right_mobile=&#8221;&#8221; rt_bg_image_repeat=&#8221;repeat&#8221; rt_bg_size=&#8221;auto auto&#8221; rt_bg_position=&#8221;right top&#8221; rt_bg_attachment=&#8221;scroll&#8221;][vc_column_text]<\/em><\/p>\n<p style=\"color: white; text-align: justify; font-style: italic;\"><strong>Konaklamal\u0131 Tur Se\u00e7ene\u011fi:<\/strong><\/p>\n<p style=\"color: white; text-align: justify; font-style: italic;\">V.I.P. Lobster motoryat\u0131m\u0131zda konaklamal\u0131 tur se\u00e7ene\u011fi ile unutulmaz bir tatil deneyimi ya\u015fayabilirsiniz. Denizdeki huzuru gece boyunca hissedin ve sabah g\u00fcne muhte\u015fem bir manzara e\u015fli\u011finde uyan\u0131n. Her detay \u00f6zenle d\u00fc\u015f\u00fcn\u00fclm\u00fc\u015f, size \u00f6zel bir atmosfer sunmak i\u00e7in tasarlanm\u0131\u015ft\u0131r.<\/p>\n<p>[\/vc_column_text][\/vc_column_inner][vc_column_inner width=&#8221;1\/3&#8243; rt_col_paddings=&#8221;true&#8221; rt_wrp_col_paddings=&#8221;false&#8221; rt_column_shadow=&#8221;&#8221; rt_border_top=&#8221;&#8221; rt_border_bottom=&#8221;&#8221; rt_border_left=&#8221;&#8221; rt_border_right=&#8221;&#8221; rt_border_top_mobile=&#8221;&#8221; rt_border_bottom_mobile=&#8221;&#8221; rt_border_left_mobile=&#8221;&#8221; rt_border_right_mobile=&#8221;&#8221; rt_bg_image_repeat=&#8221;repeat&#8221; rt_bg_size=&#8221;auto auto&#8221; rt_bg_position=&#8221;right top&#8221; rt_bg_attachment=&#8221;scroll&#8221;][vc_column_text]<\/p>\n<p style=\"color: white; text-align: justify; font-style: italic;\"><strong>G\u00fcnl\u00fck Tur:<\/strong><br \/>\nE\u011fer sadece bir g\u00fcn s\u00fcreyle m\u00fckemmel bir deneyim ya\u015famak istiyorsan\u0131z, motoryat\u0131m\u0131z g\u00fcnl\u00fck turlar i\u00e7in idealdir. 12 ki\u015filik kapasitesi ile \u00f6zel arkada\u015f gruplar\u0131n\u0131zla veya sevdiklerinizle unutulmaz anlar ya\u015fay\u0131n.<br \/>\n<strong>ROTA 1<br \/>\n<\/strong>\u2022 Ceneviz Koyu \u2022\u00a0Sazak Koyu \u2022\u00a0\u00c7oban Liman\u0131 \u2022\u00a0Akvaryum Koyu \u2022\u00a0A\u015f\u0131klar Ma\u011faras\u0131<br \/>\n<strong>ROTA 2<br \/>\n<\/strong>\u2022\u00a0\u00dc\u00e7 Adalar \u2022\u00a0Phasellis \u2022\u00a0Kleopatra Koyu[\/vc_column_text]<div class=\"button_wrapper align \"><a  href=\"https:\/\/web.whatsapp.com\/send?phone=905302927878&amp;text=\" target=\"_blank\" title=\"Rezervasyon: +90 5325457130\" class=\"button_  custom small\" style=\"background-color:#ffffff;color:#b2a376;\">Rezervasyon: +90 5325457130<\/a><\/div>[\/vc_column_inner][vc_column_inner width=&#8221;1\/3&#8243; rt_col_paddings=&#8221;true&#8221; rt_wrp_col_paddings=&#8221;false&#8221; rt_column_shadow=&#8221;&#8221; rt_border_top=&#8221;&#8221; rt_border_bottom=&#8221;&#8221; rt_border_left=&#8221;&#8221; rt_border_right=&#8221;&#8221; rt_border_top_mobile=&#8221;&#8221; rt_border_bottom_mobile=&#8221;&#8221; rt_border_left_mobile=&#8221;&#8221; rt_border_right_mobile=&#8221;&#8221; rt_bg_image_repeat=&#8221;repeat&#8221; rt_bg_size=&#8221;auto auto&#8221; rt_bg_position=&#8221;right top&#8221; rt_bg_attachment=&#8221;scroll&#8221;][vc_single_image image=&#8221;3657&#8243; img_size=&#8221;Full&#8221;][\/vc_column_inner][vc_column_inner rt_col_paddings=&#8221;true&#8221; rt_wrp_col_paddings=&#8221;false&#8221; rt_column_shadow=&#8221;&#8221; rt_border_top=&#8221;&#8221; rt_border_bottom=&#8221;&#8221; rt_border_left=&#8221;&#8221; rt_border_right=&#8221;&#8221; rt_border_top_mobile=&#8221;&#8221; rt_border_bottom_mobile=&#8221;&#8221; rt_border_left_mobile=&#8221;&#8221; rt_border_right_mobile=&#8221;&#8221; rt_bg_image_repeat=&#8221;repeat&#8221; rt_bg_size=&#8221;auto auto&#8221; rt_bg_position=&#8221;right top&#8221; rt_bg_attachment=&#8221;scroll&#8221;][\/vc_column_inner][\/vc_row_inner][vc_separator style=&#8221;style-4&#8243; margin_top=&#8221;40&#8243; margin_bottom=&#8221;40&#8243;][vc_raw_html]JTVCbWV0YXNsaWRlciUyMGlkJTIwJTNEJTIwJTIyMzY2MyUyMiU1RA==[\/vc_raw_html][\/vc_column][\/vc_row][vc_row rt_row_background_width=&#8221;fullwidth&#8221; rt_row_content_width=&#8221;fullwidth&#8221; rt_row_style=&#8221;default-style&#8221; rt_row_height=&#8221;&#8221; rt_row_borders=&#8221;&#8221; rt_row_shadows=&#8221;&#8221; rt_column_gaps=&#8221;&#8221; rt_row_paddings=&#8221;false&#8221; rt_bg_effect=&#8221;classic&#8221; rt_transparent_bg=&#8221;&#8221; rt_bg_image_repeat=&#8221;repeat&#8221; rt_bg_size=&#8221;cover&#8221; rt_bg_position=&#8221;right top&#8221; rt_bg_attachment=&#8221;scroll&#8221; rt_bg_video_format=&#8221;self-hosted&#8221;][vc_column rt_col_paddings=&#8221;false&#8221; rt_wrp_col_paddings=&#8221;true&#8221; rt_column_shadow=&#8221;&#8221; rt_border_top=&#8221;&#8221; rt_border_bottom=&#8221;&#8221; rt_border_left=&#8221;&#8221; rt_border_right=&#8221;&#8221; rt_border_top_mobile=&#8221;&#8221; rt_border_bottom_mobile=&#8221;&#8221; rt_border_left_mobile=&#8221;&#8221; rt_border_right_mobile=&#8221;&#8221; rt_bg_image_repeat=&#8221;repeat&#8221; rt_bg_size=&#8221;auto auto&#8221; rt_bg_position=&#8221;right top&#8221; rt_bg_attachment=&#8221;scroll&#8221; rt_bg_color=&#8221;&#8221; rt_bg_overlay_color=&#8221;&#8221;][vc_separator style=&#8221;style-4&#8243; margin_top=&#8221;40&#8243; margin_bottom=&#8221;40&#8243;][\/vc_column][\/vc_row]<\/p>\n","protected":false},"excerpt":{"rendered":"<p>[vc_row rt_row_background_width=&#8221;fullwidth&#8221; rt_row_content_width=&#8221;fullwidth&#8221; rt_row_style=&#8221;default-style&#8221; rt_row_height=&#8221;&#8221; rt_row_borders=&#8221;&#8221; rt_row_shadows=&#8221;&#8221; rt_column_gaps=&#8221;&#8221; rt_row_paddings=&#8221;false&#8221; rt_bg_effect=&#8221;classic&#8221; rt_transparent_bg=&#8221;&#8221; rt_bg_image_repeat=&#8221;repeat&#8221; rt_bg_size=&#8221;cover&#8221; rt_bg_position=&#8221;right top&#8221; rt_bg_attachment=&#8221;scroll&#8221; rt_bg_video_format=&#8221;self-hosted&#8221;][vc_column rt_col_paddings=&#8221;false&#8221; rt_wrp_col_paddings=&#8221;true&#8221; rt_column_shadow=&#8221;&#8221; rt_border_top=&#8221;&#8221; rt_border_bottom=&#8221;&#8221; rt_border_left=&#8221;&#8221; rt_border_right=&#8221;&#8221; rt_border_top_mobile=&#8221;&#8221; rt_border_bottom_mobile=&#8221;&#8221; rt_border_left_mobile=&#8221;&#8221; rt_border_right_mobile=&#8221;&#8221; rt_bg_image_repeat=&#8221;repeat&#8221; rt_bg_size=&#8221;auto auto&#8221; rt_bg_position=&#8221;right top&#8221; rt_bg_attachment=&#8221;scroll&#8221; rt_bg_color=&#8221;&#8221; rt_bg_overlay_color=&#8221;&#8221;][vc_row_inner rt_row_background_width=&#8221;fullwidth&#8221; rt_row_content_width=&#8221;default&#8221; rt_row_style=&#8221;global-style&#8221; rt_column_gaps=&#8221;&#8221; rt_row_paddings=&#8221;true&#8221; rt_bg_effect=&#8221;classic&#8221; rt_transparent_bg=&#8221;&#8221; rt_bg_image_repeat=&#8221;repeat&#8221; rt_bg_size=&#8221;cover&#8221; rt_bg_position=&#8221;right top&#8221; rt_bg_attachment=&#8221;scroll&#8221;][vc_column_inner rt_col_paddings=&#8221;true&#8221; rt_wrp_col_paddings=&#8221;false&#8221; rt_column_shadow=&#8221;&#8221; rt_border_top=&#8221;&#8221; rt_border_bottom=&#8221;&#8221; rt_border_left=&#8221;&#8221; rt_border_right=&#8221;&#8221; &#8230; <a class=\"more-link\" href=\"https:\/\/aida-hotel.com\/index.php\/vip-yat-turu\/\">Okumaya Devam Et<\/a><\/p>\n","protected":false},"author":1,"featured_media":0,"parent":0,"menu_order":0,"comment_status":"closed","ping_status":"closed","template":"","meta":{"footnotes":""},"_links":{"self":[{"href":"https:\/\/aida-hotel.com\/index.php\/wp-json\/wp\/v2\/pages\/3651"}],"collection":[{"href":"https:\/\/aida-hotel.com\/index.php\/wp-json\/wp\/v2\/pages"}],"about":[{"href":"https:\/\/aida-hotel.com\/index.php\/wp-json\/wp\/v2\/types\/page"}],"author":[{"embeddable":true,"href":"https:\/\/aida-hotel.com\/index.php\/wp-json\/wp\/v2\/users\/1"}],"replies":[{"embeddable":true,"href":"https:\/\/aida-hotel.com\/index.php\/wp-json\/wp\/v2\/comments?post=3651"}],"version-history":[{"count":21,"href":"https:\/\/aida-hotel.com\/index.php\/wp-json\/wp\/v2\/pages\/3651\/revisions"}],"predecessor-version":[{"id":4189,"href":"https:\/\/aida-hotel.com\/index.php\/wp-json\/wp\/v2\/pages\/3651\/revisions\/4189"}],"wp:attachment":[{"href":"https:\/\/aida-hotel.com\/index.php\/wp-json\/wp\/v2\/media?parent=3651"}],"curies":[{"name":"wp","href":"https:\/\/api.w.org\/{rel}","templated":true}]}}