{"id":3730,"date":"2024-03-14T22:11:42","date_gmt":"2024-03-14T22:11:42","guid":{"rendered":"https:\/\/aida-hotel.com\/?page_id=3730"},"modified":"2024-03-17T12:11:18","modified_gmt":"2024-03-17T12:11:18","slug":"azur-aida-restaurant-de","status":"publish","type":"page","link":"https:\/\/aida-hotel.com\/index.php\/de\/azur-aida-restaurant-de\/","title":{"rendered":"Azur &#038; Aida Restaurant DE"},"content":{"rendered":"<p>[vc_row rt_row_background_width=&#8221;fullwidth&#8221; rt_row_content_width=&#8221;fullwidth&#8221; rt_row_style=&#8221;default-style&#8221; rt_row_height=&#8221;&#8221; rt_row_borders=&#8221;&#8221; rt_row_shadows=&#8221;&#8221; rt_column_gaps=&#8221;&#8221; rt_row_paddings=&#8221;false&#8221; rt_bg_effect=&#8221;classic&#8221; rt_transparent_bg=&#8221;&#8221; rt_bg_image_repeat=&#8221;repeat&#8221; rt_bg_size=&#8221;cover&#8221; rt_bg_position=&#8221;right top&#8221; rt_bg_attachment=&#8221;scroll&#8221; rt_bg_video_format=&#8221;self-hosted&#8221;][vc_column rt_col_paddings=&#8221;false&#8221; rt_wrp_col_paddings=&#8221;true&#8221; rt_column_shadow=&#8221;&#8221; rt_border_top=&#8221;&#8221; rt_border_bottom=&#8221;&#8221; rt_border_left=&#8221;&#8221; rt_border_right=&#8221;&#8221; rt_border_top_mobile=&#8221;&#8221; rt_border_bottom_mobile=&#8221;&#8221; rt_border_left_mobile=&#8221;&#8221; rt_border_right_mobile=&#8221;&#8221; rt_bg_image_repeat=&#8221;repeat&#8221; rt_bg_size=&#8221;auto auto&#8221; rt_bg_position=&#8221;right top&#8221; rt_bg_attachment=&#8221;scroll&#8221; rt_bg_color=&#8221;&#8221; rt_bg_overlay_color=&#8221;&#8221;][vc_single_image image=&#8221;3494&#8243; alignment=&#8221;center&#8221;][vc_row_inner rt_row_background_width=&#8221;fullwidth&#8221; rt_row_content_width=&#8221;default&#8221; rt_row_style=&#8221;global-style&#8221; rt_column_gaps=&#8221;&#8221; rt_row_paddings=&#8221;true&#8221; rt_bg_effect=&#8221;classic&#8221; rt_transparent_bg=&#8221;&#8221; rt_bg_image_repeat=&#8221;repeat&#8221; rt_bg_size=&#8221;cover&#8221; rt_bg_position=&#8221;right top&#8221; rt_bg_attachment=&#8221;scroll&#8221;][vc_column_inner rt_col_paddings=&#8221;true&#8221; rt_wrp_col_paddings=&#8221;false&#8221; rt_column_shadow=&#8221;&#8221; rt_border_top=&#8221;&#8221; rt_border_bottom=&#8221;&#8221; rt_border_left=&#8221;&#8221; rt_border_right=&#8221;&#8221; rt_border_top_mobile=&#8221;&#8221; rt_border_bottom_mobile=&#8221;&#8221; rt_border_left_mobile=&#8221;&#8221; rt_border_right_mobile=&#8221;&#8221; rt_bg_image_repeat=&#8221;repeat&#8221; rt_bg_size=&#8221;auto auto&#8221; rt_bg_position=&#8221;right top&#8221; rt_bg_attachment=&#8221;scroll&#8221;][vc_separator style=&#8221;style-6&#8243;]<div class=\"rt_heading_wrapper style-3\">\n\t\t\t\t\t\t<h4 class=\"rt_heading  secondary-font style-3\"  style=\"font-size:22px;line-height:28px;letter-spacing:2px;\"><em>1982 bis zur Gegenwart&#8230;<\/em><em>Wir laden Sie in das Restaurant Azur Aida ein, um ein unvergessliches kulinarisches Erlebnis in der faszinierenden Atmosph\u00e4re der weltber\u00fchmten K\u00fcste von Cirali zu genie\u00dfen. Sie k\u00f6nnen auch angenehme Momente in dieser einzigartigen Begegnung zwischen Geschmack und Landschaft erleben.<\/h4> \n\t\t\t\t\t<\/div>[vc_separator style=&#8221;style-1&#8243;][\/vc_column_inner][\/vc_row_inner][vc_row_inner rt_row_background_width=&#8221;fullwidth&#8221; rt_row_content_width=&#8221;default&#8221; rt_row_style=&#8221;global-style&#8221; rt_column_gaps=&#8221;&#8221; rt_row_paddings=&#8221;true&#8221; rt_bg_effect=&#8221;classic&#8221; rt_transparent_bg=&#8221;&#8221; rt_bg_image_repeat=&#8221;repeat&#8221; rt_bg_size=&#8221;cover&#8221; rt_bg_position=&#8221;right top&#8221; rt_bg_attachment=&#8221;scroll&#8221; rt_bg_color=&#8221;#baad85&#8243;][vc_column_inner width=&#8221;1\/3&#8243; rt_col_paddings=&#8221;true&#8221; rt_wrp_col_paddings=&#8221;false&#8221; rt_column_shadow=&#8221;&#8221; rt_border_top=&#8221;&#8221; rt_border_bottom=&#8221;&#8221; rt_border_left=&#8221;&#8221; rt_border_right=&#8221;&#8221; rt_border_top_mobile=&#8221;&#8221; rt_border_bottom_mobile=&#8221;&#8221; rt_border_left_mobile=&#8221;&#8221; rt_border_right_mobile=&#8221;&#8221; rt_bg_image_repeat=&#8221;repeat&#8221; rt_bg_size=&#8221;auto auto&#8221; rt_bg_position=&#8221;right top&#8221; rt_bg_attachment=&#8221;scroll&#8221;][vc_column_text]\u00a0<\/em><\/p>\n<p style=\"color: white; text-align: justify; font-style: italic;\">Das Restaurant Azur &amp; Aida, direkt am weltber\u00fchmten Strand von Cirali gelegen, bietet mit seinen exquisiten Aromen und seiner einzigartigen Aussicht ein unvergessliches Essvergn\u00fcgen. Begleitet vom beruhigenden Rauschen des Meeres, laden wir unsere G\u00e4ste zu einem k\u00f6stlichen Abenteuer in unseren speziell gestalteten Sitzbereichen im Freien ein.<\/p>\n<p style=\"color: white; text-align: justify; font-style: italic;\">Das Restaurant Azur &amp; Aida, direkt am weltber\u00fchmten Strand von Cirali gelegen, bietet mit seinen exquisiten Aromen und seiner einzigartigen Aussicht ein unvergessliches Essvergn\u00fcgen. Begleitet vom beruhigenden Rauschen des Meeres, laden wir unsere G\u00e4ste zu einem k\u00f6stlichen Abenteuer in unseren speziell gestalteten Sitzbereichen im Freien ein.<\/p>\n<p>[\/vc_column_text][\/vc_column_inner][vc_column_inner width=&#8221;1\/3&#8243; rt_col_paddings=&#8221;true&#8221; rt_wrp_col_paddings=&#8221;false&#8221; rt_column_shadow=&#8221;&#8221; rt_border_top=&#8221;&#8221; rt_border_bottom=&#8221;&#8221; rt_border_left=&#8221;&#8221; rt_border_right=&#8221;&#8221; rt_border_top_mobile=&#8221;&#8221; rt_border_bottom_mobile=&#8221;&#8221; rt_border_left_mobile=&#8221;&#8221; rt_border_right_mobile=&#8221;&#8221; rt_bg_image_repeat=&#8221;repeat&#8221; rt_bg_size=&#8221;auto auto&#8221; rt_bg_position=&#8221;right top&#8221; rt_bg_attachment=&#8221;scroll&#8221;][vc_column_text]<\/p>\n<p style=\"color: white; text-align: justify; font-style: italic;\">Das Restaurant Aida ist die perfekte Wahl f\u00fcr ein romantisches Abendessen, eine besondere Feier oder einfach nur einen sch\u00f6nen Sonnenuntergang. In diesem gastronomischen Ort am Meer erwartet Sie eine Welt voller Aromen und Landschaften.<\/p>\n<p style=\"color: white; text-align: justify; font-style: italic;\">Wir laden Sie in das Restaurant Azur&amp;Aida ein, um ein unvergessliches kulinarisches Erlebnis in der faszinierenden Atmosph\u00e4re der weltber\u00fchmten K\u00fcste von Cirali zu genie\u00dfen. Sie k\u00f6nnen auch angenehme Momente in dieser einzigartigen Begegnung zwischen Geschmack und Landschaft erleben.<\/p>\n<p>[\/vc_column_text][\/vc_column_inner][vc_column_inner width=&#8221;1\/3&#8243; rt_col_paddings=&#8221;true&#8221; rt_wrp_col_paddings=&#8221;false&#8221; rt_column_shadow=&#8221;&#8221; rt_border_top=&#8221;&#8221; rt_border_bottom=&#8221;&#8221; rt_border_left=&#8221;&#8221; rt_border_right=&#8221;&#8221; rt_border_top_mobile=&#8221;&#8221; rt_border_bottom_mobile=&#8221;&#8221; rt_border_left_mobile=&#8221;&#8221; rt_border_right_mobile=&#8221;&#8221; rt_bg_image_repeat=&#8221;repeat&#8221; rt_bg_size=&#8221;auto auto&#8221; rt_bg_position=&#8221;right top&#8221; rt_bg_attachment=&#8221;scroll&#8221;][vc_single_image image=&#8221;3610&#8243; img_size=&#8221;Full&#8221;][\/vc_column_inner][vc_column_inner rt_col_paddings=&#8221;true&#8221; rt_wrp_col_paddings=&#8221;false&#8221; rt_column_shadow=&#8221;&#8221; rt_border_top=&#8221;&#8221; rt_border_bottom=&#8221;&#8221; rt_border_left=&#8221;&#8221; rt_border_right=&#8221;&#8221; rt_border_top_mobile=&#8221;&#8221; rt_border_bottom_mobile=&#8221;&#8221; rt_border_left_mobile=&#8221;&#8221; rt_border_right_mobile=&#8221;&#8221; rt_bg_image_repeat=&#8221;repeat&#8221; rt_bg_size=&#8221;auto auto&#8221; rt_bg_position=&#8221;right top&#8221; rt_bg_attachment=&#8221;scroll&#8221;][\/vc_column_inner][\/vc_row_inner][vc_separator style=&#8221;style-4&#8243; margin_top=&#8221;40&#8243; margin_bottom=&#8221;40&#8243;][vc_raw_html]JTVCbWV0YXNsaWRlciUyMGlkJTIwJTNEJTIwJTIyMzU1OSUyMiU1RA==[\/vc_raw_html][\/vc_column][\/vc_row][vc_row rt_row_background_width=&#8221;fullwidth&#8221; rt_row_content_width=&#8221;default&#8221; rt_row_style=&#8221;default-style&#8221; rt_row_height=&#8221;min_height&#8221; rt_holder_placement=&#8221;middle&#8221; rt_column_placement=&#8221;bottom&#8221; rt_row_borders=&#8221;&#8221; rt_row_shadows=&#8221;&#8221; rt_column_gaps=&#8221;&#8221; rt_row_paddings=&#8221;true&#8221; rt_bg_effect=&#8221;classic&#8221; rt_transparent_bg=&#8221;&#8221; rt_bg_image_repeat=&#8221;repeat&#8221; rt_bg_size=&#8221;cover&#8221; rt_bg_position=&#8221;right top&#8221; rt_bg_attachment=&#8221;scroll&#8221; rt_bg_video_format=&#8221;self-hosted&#8221; full_height=&#8221;yes&#8221; rt_bg_color=&#8221;#dfe7ea&#8221; rt_min_row_height=&#8221;800&#8243;][vc_column width=&#8221;2\/3&#8243; rt_col_paddings=&#8221;true&#8221; rt_wrp_col_paddings=&#8221;true&#8221; rt_column_shadow=&#8221;&#8221; rt_border_top=&#8221;&#8221; rt_border_bottom=&#8221;&#8221; rt_border_left=&#8221;&#8221; rt_border_right=&#8221;&#8221; rt_border_top_mobile=&#8221;&#8221; rt_border_bottom_mobile=&#8221;&#8221; rt_border_left_mobile=&#8221;&#8221; rt_border_right_mobile=&#8221;&#8221; rt_bg_image_repeat=&#8221;repeat&#8221; rt_bg_size=&#8221;auto auto&#8221; rt_bg_position=&#8221;right top&#8221; rt_bg_attachment=&#8221;scroll&#8221; rt_bg_color=&#8221;&#8221; rt_bg_overlay_color=&#8221;&#8221; rt_padding_bottom=&#8221;20&#8243; rt_padding_top=&#8221;20&#8243;]<div class=\"rt_heading_wrapper no-style\">\n\t\t\t\t\t\t<h2 class=\"rt_heading  no-style\"  style=\"font-size:16px;line-height:16px;letter-spacing:4px;\">MEERESFR\u00dcCHTE &amp; MEDITERRANE K\u00dcCHE<\/h2> \n\t\t\t\t\t<\/div>[vc_separator style=&#8221;style-2&#8243; margin_top=&#8221;0&#8243; margin_bottom=&#8221;60&#8243;]<div class=\"rt_heading_wrapper no-style\">\n\t\t\t\t\t\t<span class=\"rt_heading  primary-color secondary-font no-style\"  style=\"font-size:30px;line-height:40px;\">ruhige und stilvolle Atmosph\u00e4re<\/span> \n\t\t\t\t\t<\/div>[vc_empty_space][vc_column_text]Unser Restaurant lockt Liebhaber von Meeresfr\u00fcchten mit einer umfangreichen Fischkarte. Frische Meeresfr\u00fcchte wie Fisch, Garnelen, Calamari und Muscheln werden mit gekonnt zubereiteten Gerichten nach mediterraner Art kombiniert. Der Fisch wird frisch gehalten und mit speziellen Marinaden und Gew\u00fcrzen kombiniert, um den H\u00f6hepunkt des Geschmacks zu erreichen.<\/p>\n<p>Unser Restaurant bietet nicht nur Meeresfr\u00fcchte, sondern auch andere authentische Aromen der mediterranen K\u00fcche. Die mit Oliven\u00f6l zubereiteten Vorspeisen, frischen Gew\u00fcrzen und lokalen Zutaten bringen die ganze W\u00e4rme und den Geschmack des Mittelmeers auf den Tisch.[\/vc_column_text]<div class=\"button_wrapper alignleft \"><a  href=\"https:\/\/web.whatsapp.com\/send?phone=905302927878&amp;text=\" target=\"_blank\" title=\"Contact Us\" class=\"button_  style-1 small\">Reservierung: +90 5325457130<\/a><\/div>[\/vc_column][vc_column width=&#8221;1\/3&#8243; rt_col_paddings=&#8221;true&#8221; rt_wrp_col_paddings=&#8221;true&#8221; rt_column_shadow=&#8221;&#8221; rt_border_top=&#8221;&#8221; rt_border_bottom=&#8221;&#8221; rt_border_left=&#8221;&#8221; rt_border_right=&#8221;&#8221; rt_border_top_mobile=&#8221;&#8221; rt_border_bottom_mobile=&#8221;&#8221; rt_border_left_mobile=&#8221;&#8221; rt_border_right_mobile=&#8221;&#8221; rt_bg_image_repeat=&#8221;repeat&#8221; rt_bg_size=&#8221;auto auto&#8221; rt_bg_position=&#8221;right top&#8221; rt_bg_attachment=&#8221;scroll&#8221; rt_padding_top=&#8221;20&#8243; rt_padding_bottom=&#8221;20&#8243; rt_bg_color=&#8221;&#8221; rt_bg_overlay_color=&#8221;&#8221;][vc_single_image image=&#8221;3343&#8243; img_size=&#8221;full&#8221; alignment=&#8221;center&#8221; el_class=&#8221;nomargin&#8221;][\/vc_column][\/vc_row][vc_row rt_row_background_width=&#8221;fullwidth&#8221; rt_row_content_width=&#8221;fullwidth&#8221; rt_row_style=&#8221;default-style&#8221; rt_row_height=&#8221;&#8221; rt_row_borders=&#8221;&#8221; rt_row_shadows=&#8221;&#8221; rt_column_gaps=&#8221;&#8221; rt_row_paddings=&#8221;false&#8221; rt_bg_effect=&#8221;classic&#8221; rt_transparent_bg=&#8221;&#8221; rt_bg_image_repeat=&#8221;repeat&#8221; rt_bg_size=&#8221;cover&#8221; rt_bg_position=&#8221;right top&#8221; rt_bg_attachment=&#8221;scroll&#8221; rt_bg_video_format=&#8221;self-hosted&#8221;][vc_column rt_col_paddings=&#8221;false&#8221; rt_wrp_col_paddings=&#8221;true&#8221; rt_column_shadow=&#8221;&#8221; rt_border_top=&#8221;&#8221; rt_border_bottom=&#8221;&#8221; rt_border_left=&#8221;&#8221; rt_border_right=&#8221;&#8221; rt_border_top_mobile=&#8221;&#8221; rt_border_bottom_mobile=&#8221;&#8221; rt_border_left_mobile=&#8221;&#8221; rt_border_right_mobile=&#8221;&#8221; rt_bg_image_repeat=&#8221;repeat&#8221; rt_bg_size=&#8221;auto auto&#8221; rt_bg_position=&#8221;right top&#8221; rt_bg_attachment=&#8221;scroll&#8221; rt_bg_color=&#8221;&#8221; rt_bg_overlay_color=&#8221;&#8221;][vc_separator style=&#8221;style-4&#8243; margin_top=&#8221;40&#8243; margin_bottom=&#8221;40&#8243;][\/vc_column][\/vc_row]<\/p>\n","protected":false},"excerpt":{"rendered":"<p>[vc_row rt_row_background_width=&#8221;fullwidth&#8221; rt_row_content_width=&#8221;fullwidth&#8221; rt_row_style=&#8221;default-style&#8221; rt_row_height=&#8221;&#8221; rt_row_borders=&#8221;&#8221; rt_row_shadows=&#8221;&#8221; rt_column_gaps=&#8221;&#8221; rt_row_paddings=&#8221;false&#8221; rt_bg_effect=&#8221;classic&#8221; rt_transparent_bg=&#8221;&#8221; rt_bg_image_repeat=&#8221;repeat&#8221; rt_bg_size=&#8221;cover&#8221; rt_bg_position=&#8221;right top&#8221; rt_bg_attachment=&#8221;scroll&#8221; rt_bg_video_format=&#8221;self-hosted&#8221;][vc_column rt_col_paddings=&#8221;false&#8221; rt_wrp_col_paddings=&#8221;true&#8221; rt_column_shadow=&#8221;&#8221; rt_border_top=&#8221;&#8221; rt_border_bottom=&#8221;&#8221; rt_border_left=&#8221;&#8221; rt_border_right=&#8221;&#8221; rt_border_top_mobile=&#8221;&#8221; rt_border_bottom_mobile=&#8221;&#8221; rt_border_left_mobile=&#8221;&#8221; rt_border_right_mobile=&#8221;&#8221; rt_bg_image_repeat=&#8221;repeat&#8221; rt_bg_size=&#8221;auto auto&#8221; rt_bg_position=&#8221;right top&#8221; rt_bg_attachment=&#8221;scroll&#8221; rt_bg_color=&#8221;&#8221; rt_bg_overlay_color=&#8221;&#8221;][vc_single_image image=&#8221;3494&#8243; alignment=&#8221;center&#8221;][vc_row_inner rt_row_background_width=&#8221;fullwidth&#8221; rt_row_content_width=&#8221;default&#8221; rt_row_style=&#8221;global-style&#8221; rt_column_gaps=&#8221;&#8221; rt_row_paddings=&#8221;true&#8221; rt_bg_effect=&#8221;classic&#8221; rt_transparent_bg=&#8221;&#8221; rt_bg_image_repeat=&#8221;repeat&#8221; rt_bg_size=&#8221;cover&#8221; rt_bg_position=&#8221;right top&#8221; rt_bg_attachment=&#8221;scroll&#8221;][vc_column_inner rt_col_paddings=&#8221;true&#8221; rt_wrp_col_paddings=&#8221;false&#8221; rt_column_shadow=&#8221;&#8221; rt_border_top=&#8221;&#8221; rt_border_bottom=&#8221;&#8221; &#8230; <a class=\"more-link\" href=\"https:\/\/aida-hotel.com\/index.php\/de\/azur-aida-restaurant-de\/\">Okumaya Devam Et<\/a><\/p>\n","protected":false},"author":1,"featured_media":0,"parent":0,"menu_order":0,"comment_status":"closed","ping_status":"closed","template":"","meta":{"footnotes":""},"_links":{"self":[{"href":"https:\/\/aida-hotel.com\/index.php\/wp-json\/wp\/v2\/pages\/3730"}],"collection":[{"href":"https:\/\/aida-hotel.com\/index.php\/wp-json\/wp\/v2\/pages"}],"about":[{"href":"https:\/\/aida-hotel.com\/index.php\/wp-json\/wp\/v2\/types\/page"}],"author":[{"embeddable":true,"href":"https:\/\/aida-hotel.com\/index.php\/wp-json\/wp\/v2\/users\/1"}],"replies":[{"embeddable":true,"href":"https:\/\/aida-hotel.com\/index.php\/wp-json\/wp\/v2\/comments?post=3730"}],"version-history":[{"count":7,"href":"https:\/\/aida-hotel.com\/index.php\/wp-json\/wp\/v2\/pages\/3730\/revisions"}],"predecessor-version":[{"id":4179,"href":"https:\/\/aida-hotel.com\/index.php\/wp-json\/wp\/v2\/pages\/3730\/revisions\/4179"}],"wp:attachment":[{"href":"https:\/\/aida-hotel.com\/index.php\/wp-json\/wp\/v2\/media?parent=3730"}],"curies":[{"name":"wp","href":"https:\/\/api.w.org\/{rel}","templated":true}]}}